{"id":117,"date":"2019-01-26T07:50:21","date_gmt":"2019-01-26T07:50:21","guid":{"rendered":"https:\/\/dorotheebegue.com\/contact\/"},"modified":"2024-05-23T18:22:41","modified_gmt":"2024-05-23T16:22:41","slug":"contact","status":"publish","type":"page","link":"https:\/\/dorotheebegue.com\/en\/contact\/","title":{"rendered":"Contact"},"content":{"rendered":"\t\t<div data-elementor-type=\"wp-post\" data-elementor-id=\"117\" class=\"elementor elementor-117\">\n\t\t\t\t\t\t<section class=\"elementor-section elementor-top-section elementor-element elementor-element-3bfb4dc elementor-section-boxed elementor-section-height-default elementor-section-height-default\" data-id=\"3bfb4dc\" data-element_type=\"section\" data-e-type=\"section\">\n\t\t\t\t\t\t<div class=\"elementor-container elementor-column-gap-default\">\n\t\t\t\t\t<div class=\"aux-parallax-section elementor-column elementor-col-33 elementor-top-column elementor-element elementor-element-d08076b\" data-id=\"d08076b\" data-element_type=\"column\" data-e-type=\"column\">\n\t\t\t<div class=\"elementor-widget-wrap\">\n\t\t\t\t\t\t\t<\/div>\n\t\t<\/div>\n\t\t\t\t<div class=\"aux-parallax-section elementor-column elementor-col-33 elementor-top-column elementor-element elementor-element-4d7f03b\" data-id=\"4d7f03b\" data-element_type=\"column\" data-e-type=\"column\">\n\t\t\t<div class=\"elementor-widget-wrap elementor-element-populated\">\n\t\t\t\t\t\t<div class=\"elementor-element elementor-element-e21b6b2 elementor-widget elementor-widget-heading\" data-id=\"e21b6b2\" data-element_type=\"widget\" data-e-type=\"widget\" data-widget_type=\"heading.default\">\n\t\t\t\t<div class=\"elementor-widget-container\">\n\t\t\t\t\t<h2 class=\"elementor-heading-title elementor-size-default\">Contact<\/h2>\t\t\t\t<\/div>\n\t\t\t\t<\/div>\n\t\t\t\t\t<\/div>\n\t\t<\/div>\n\t\t\t\t<div class=\"aux-parallax-section elementor-column elementor-col-33 elementor-top-column elementor-element elementor-element-40733f3\" data-id=\"40733f3\" data-element_type=\"column\" data-e-type=\"column\">\n\t\t\t<div class=\"elementor-widget-wrap\">\n\t\t\t\t\t\t\t<\/div>\n\t\t<\/div>\n\t\t\t\t\t<\/div>\n\t\t<\/section>\n\t\t\t\t<section class=\"elementor-section elementor-top-section elementor-element elementor-element-637b0e5 elementor-section-boxed elementor-section-height-default elementor-section-height-default\" data-id=\"637b0e5\" data-element_type=\"section\" data-e-type=\"section\">\n\t\t\t\t\t\t<div class=\"elementor-container elementor-column-gap-default\">\n\t\t\t\t\t<div class=\"aux-parallax-section elementor-column elementor-col-33 elementor-top-column elementor-element elementor-element-bf6a815\" data-id=\"bf6a815\" data-element_type=\"column\" data-e-type=\"column\">\n\t\t\t<div class=\"elementor-widget-wrap\">\n\t\t\t\t\t\t\t<\/div>\n\t\t<\/div>\n\t\t\t\t<div class=\"aux-parallax-section elementor-column elementor-col-33 elementor-top-column elementor-element elementor-element-568b531\" data-id=\"568b531\" data-element_type=\"column\" data-e-type=\"column\">\n\t\t\t<div class=\"elementor-widget-wrap elementor-element-populated\">\n\t\t\t\t\t\t<div class=\"elementor-element elementor-element-844e4a2 elementor-widget elementor-widget-aux_contactbox\" data-id=\"844e4a2\" data-element_type=\"widget\" data-e-type=\"widget\" id=\"contact\" data-widget_type=\"aux_contactbox.default\">\n\t\t\t\t<div class=\"elementor-widget-container\">\n\t\t\t\t\t<section class=\"widget-container aux-widget-contact-box aux-parent-aucb3723f9\"><div class=\"aux-contact-details\"><ul><li class=\"phone\"><i class=\"auxicon-phone-classic-on\"><\/i><span class=\"info-text\">+33 (0) 6 50 31 13 84<\/span><\/li><li class=\"email\"><i class=\"auxicon-mail-3\"><\/i><span class=\"info-text\">&#097;&#114;tdo&#114;o&#116;&#104;&#101;eb&#101;g&#117;&#101;&#064;gma&#105;l.&#099;&#111;&#109;<\/span><\/li><\/ul><\/div><\/section><!-- widget-container -->\t\t\t\t<\/div>\n\t\t\t\t<\/div>\n\t\t\t\t<div class=\"elementor-element elementor-element-ab2a986 elementor-widget elementor-widget-aux_contact_form\" data-id=\"ab2a986\" data-element_type=\"widget\" data-e-type=\"widget\" data-widget_type=\"aux_contact_form.default\">\n\t\t\t\t<div class=\"elementor-widget-container\">\n\t\t\t\t\t<section class=\"widget-container aux-widget-contact-form aux-parent-au5d3d475b\">            <div class=\"aux-col-wrapper aux-no-gutter\">\n            <!-- @TODO - The output for element here -->\n\n            \n<div class=\"wpcf7 no-js\" id=\"wpcf7-f17-o1\" lang=\"fr-FR\" dir=\"ltr\" data-wpcf7-id=\"17\">\n<div class=\"screen-reader-response\"><p role=\"status\" aria-live=\"polite\" aria-atomic=\"true\"><\/p> <ul><\/ul><\/div>\n<form action=\"\/en\/wp-json\/wp\/v2\/pages\/117#wpcf7-f17-o1\" method=\"post\" class=\"wpcf7-form init\" aria-label=\"Formulaire de contact\" novalidate=\"novalidate\" data-status=\"init\">\n<fieldset class=\"hidden-fields-container\"><input type=\"hidden\" name=\"_wpcf7\" value=\"17\" \/><input type=\"hidden\" name=\"_wpcf7_version\" value=\"6.1.5\" \/><input type=\"hidden\" name=\"_wpcf7_locale\" value=\"fr_FR\" \/><input type=\"hidden\" name=\"_wpcf7_unit_tag\" value=\"wpcf7-f17-o1\" \/><input type=\"hidden\" name=\"_wpcf7_container_post\" value=\"0\" \/><input type=\"hidden\" name=\"_wpcf7_posted_data_hash\" value=\"\" \/>\n<\/fieldset>\n<p><label> Votre nom (requis)<br \/>\n<span class=\"wpcf7-form-control-wrap\" data-name=\"your-name\"><input size=\"40\" maxlength=\"400\" class=\"wpcf7-form-control wpcf7-text wpcf7-validates-as-required\" aria-required=\"true\" aria-invalid=\"false\" value=\"\" type=\"text\" name=\"your-name\" \/><\/span> <\/label>\n<\/p>\n<p><label> Votre email (requis)<br \/>\n<span class=\"wpcf7-form-control-wrap\" data-name=\"your-email\"><input size=\"40\" maxlength=\"400\" class=\"wpcf7-form-control wpcf7-email wpcf7-validates-as-required wpcf7-text wpcf7-validates-as-email\" aria-required=\"true\" aria-invalid=\"false\" value=\"\" type=\"email\" name=\"your-email\" \/><\/span> <\/label>\n<\/p>\n<p><label> Sujet<br \/>\n<span class=\"wpcf7-form-control-wrap\" data-name=\"your-subject\"><input size=\"40\" maxlength=\"400\" class=\"wpcf7-form-control wpcf7-text\" aria-invalid=\"false\" value=\"\" type=\"text\" name=\"your-subject\" \/><\/span> <\/label>\n<\/p>\n<p><label> Votre Message<br \/>\n<span class=\"wpcf7-form-control-wrap\" data-name=\"your-message\"><textarea cols=\"40\" rows=\"10\" maxlength=\"2000\" class=\"wpcf7-form-control wpcf7-textarea\" aria-invalid=\"false\" name=\"your-message\"><\/textarea><\/span> <\/label>\n<\/p>\n<p><span class=\"wpcf7-form-control-wrap\" data-name=\"acceptance-442\"><span class=\"wpcf7-form-control wpcf7-acceptance\"><span class=\"wpcf7-list-item\"><label><input type=\"checkbox\" name=\"acceptance-442\" value=\"1\" aria-invalid=\"false\" \/><span class=\"wpcf7-list-item-label\">\u201cJ\u2019ai lu et accepte <a href=\"https:\/\/dorotheebegue.com\/mentions-legales\/(ouvre un nouvel onglet)\">la politique de confidentialit\u00e9<\/a>\u201d<\/span><\/label><\/span><\/span><\/span>\n<\/p>\n[anr_nocaptcha g-recaptcha-response]\n<\/p>\n<p><input class=\"wpcf7-form-control wpcf7-submit has-spinner\" type=\"submit\" value=\"Envoyer\" \/>\n<\/p><div class=\"wpcf7-response-output\" aria-hidden=\"true\"><\/div>\n<\/form>\n<\/div>\n\n\n            <\/div><!-- aux-col-wrapper -->\n    <\/section><!-- widget-container -->\t\t\t\t<\/div>\n\t\t\t\t<\/div>\n\t\t\t\t\t<\/div>\n\t\t<\/div>\n\t\t\t\t<div class=\"aux-parallax-section elementor-column elementor-col-33 elementor-top-column elementor-element elementor-element-572b3a0\" data-id=\"572b3a0\" data-element_type=\"column\" data-e-type=\"column\">\n\t\t\t<div class=\"elementor-widget-wrap\">\n\t\t\t\t\t\t\t<\/div>\n\t\t<\/div>\n\t\t\t\t\t<\/div>\n\t\t<\/section>\n\t\t\t\t<section class=\"elementor-section elementor-top-section elementor-element elementor-element-0392bab elementor-section-boxed elementor-section-height-default elementor-section-height-default\" data-id=\"0392bab\" data-element_type=\"section\" data-e-type=\"section\">\n\t\t\t\t\t\t<div class=\"elementor-container elementor-column-gap-default\">\n\t\t\t\t\t<div class=\"aux-parallax-section elementor-column elementor-col-50 elementor-top-column elementor-element elementor-element-cb49c9d\" data-id=\"cb49c9d\" data-element_type=\"column\" data-e-type=\"column\">\n\t\t\t<div class=\"elementor-widget-wrap elementor-element-populated\">\n\t\t\t\t\t\t<div class=\"elementor-element elementor-element-67c1a44 elementor-widget elementor-widget-aux_contactbox\" data-id=\"67c1a44\" data-element_type=\"widget\" data-e-type=\"widget\" id=\"contact\" data-widget_type=\"aux_contactbox.default\">\n\t\t\t\t<div class=\"elementor-widget-container\">\n\t\t\t\t\t<section class=\"widget-container aux-widget-contact-box aux-parent-aubdb44fc2\"><div class=\"aux-contact-details\"><ul><li class=\"address\"><i class=\"auxicon-map-pin-streamline\"><\/i><span class=\"info-text\">26 all\u00e9e de la Bouscarle de Cetti -\n44000 Nantes -\nFrance<\/span><\/li><\/ul><\/div><\/section><!-- widget-container -->\t\t\t\t<\/div>\n\t\t\t\t<\/div>\n\t\t\t\t<div class=\"elementor-element elementor-element-94332ee elementor-widget elementor-widget-html\" data-id=\"94332ee\" data-element_type=\"widget\" data-e-type=\"widget\" data-widget_type=\"html.default\">\n\t\t\t\t<div class=\"elementor-widget-container\">\n\t\t\t\t\t<iframe src=\"https:\/\/www.google.com\/maps\/embed?pb=!1m18!1m12!1m3!1d1355.0213239892416!2d-1.537962541728741!3d47.215747816653504!2m3!1f0!2f0!3f0!3m2!1i1024!2i768!4f13.1!3m3!1m2!1s0x4805eec7bc4f6333%3A0xef82d69437109f39!2sCollectif+Allog%C3%A8ne!5e0!3m2!1sfr!2sfr!4v1560330676333!5m2!1sfr!2sfr\" width=\"600\" height=\"450\" frameborder=\"0\" style=\"border:0\" allowfullscreen><\/iframe>\t\t\t\t<\/div>\n\t\t\t\t<\/div>\n\t\t\t\t\t<\/div>\n\t\t<\/div>\n\t\t\t\t<div class=\"aux-parallax-section elementor-column elementor-col-50 elementor-top-column elementor-element elementor-element-93b4c2b\" data-id=\"93b4c2b\" data-element_type=\"column\" data-e-type=\"column\">\n\t\t\t<div class=\"elementor-widget-wrap elementor-element-populated\">\n\t\t\t\t\t\t<div class=\"elementor-element elementor-element-36ed3d6 elementor-widget elementor-widget-aux_contactbox\" data-id=\"36ed3d6\" data-element_type=\"widget\" data-e-type=\"widget\" id=\"contact\" data-widget_type=\"aux_contactbox.default\">\n\t\t\t\t<div class=\"elementor-widget-container\">\n\t\t\t\t\t<section class=\"widget-container aux-widget-contact-box aux-parent-aue37fa9ec\"><div class=\"aux-contact-details\"><ul><li class=\"address\"><i class=\"auxicon-map-pin-streamline\"><\/i><span class=\"info-text\">17 place du jeu de paume -\n49730 Varennes-sur-Loire -\nFrance<\/span><\/li><\/ul><\/div><\/section><!-- widget-container -->\t\t\t\t<\/div>\n\t\t\t\t<\/div>\n\t\t\t\t<div class=\"elementor-element elementor-element-a18b86f elementor-widget elementor-widget-html\" data-id=\"a18b86f\" data-element_type=\"widget\" data-e-type=\"widget\" data-widget_type=\"html.default\">\n\t\t\t\t<div class=\"elementor-widget-container\">\n\t\t\t\t\t<iframe src=\"https:\/\/www.google.com\/maps\/embed?pb=!1m18!1m12!1m3!1d2708.8778147771886!2d0.0542765112986297!3d47.2385358392152!2m3!1f0!2f0!3f0!3m2!1i1024!2i768!4f13.1!3m3!1m2!1s0x47fd5916cad8e88d%3A0x68552041f5e612f0!2s17+Place+du+Jeu+de+Paume%2C+49730+Varennes-sur-Loire!5e0!3m2!1sfr!2sfr!4v1560330965166!5m2!1sfr!2sfr\" width=\"600\" height=\"450\" frameborder=\"0\" style=\"border:0\" allowfullscreen><\/iframe>\t\t\t\t<\/div>\n\t\t\t\t<\/div>\n\t\t\t\t\t<\/div>\n\t\t<\/div>\n\t\t\t\t\t<\/div>\n\t\t<\/section>\n\t\t\t\t<\/div>\n\t\t","protected":false},"excerpt":{"rendered":"<p>Contact +33 (0) 6 50 31 13 84 &#97;&#114;&#116;do&#114;&#111;the&#101;&#98;&#101;&#103;&#117;&#101;&#64;g&#109;a&#105;&#108;&#46;co&#109; Votre nom (requis) Votre email (requis) Sujet Votre Message \u201cJ\u2019ai lu et accepte la politique de confidentialit\u00e9\u201d [anr_nocaptcha g-recaptcha-response] 26 all\u00e9e de la Bouscarle de Cetti &#8211; 44000 Nantes &#8211; France 17 place du jeu de paume &#8211; 49730 Varennes-sur-Loire &#8211; France<\/p>\n","protected":false},"author":1,"featured_media":0,"parent":0,"menu_order":0,"comment_status":"closed","ping_status":"closed","template":"","meta":{"footnotes":""},"class_list":["post-117","page","type-page","status-publish","hentry"],"yoast_head":"<!-- This site is optimized with the Yoast SEO plugin v27.5 - https:\/\/yoast.com\/product\/yoast-seo-wordpress\/ -->\n<title>Contact - Doroth\u00e9e B\u00e9gu\u00e9, Plasticienne<\/title>\n<meta name=\"description\" content=\"Contactez Doroth\u00e9e B\u00e9gu\u00e9 plasticienne \u00e0 Nantes et Varennes sur Loire pour expositions ou visites des oeuvres sculptures, parures et accessoires.\" \/>\n<meta name=\"robots\" content=\"index, follow, max-snippet:-1, max-image-preview:large, max-video-preview:-1\" \/>\n<link rel=\"canonical\" href=\"https:\/\/dorotheebegue.com\/en\/contact\/\" \/>\n<meta property=\"og:locale\" content=\"en_GB\" \/>\n<meta property=\"og:type\" content=\"article\" \/>\n<meta property=\"og:title\" content=\"Contact - Doroth\u00e9e B\u00e9gu\u00e9, Plasticienne\" \/>\n<meta property=\"og:description\" content=\"Contactez Doroth\u00e9e B\u00e9gu\u00e9 plasticienne \u00e0 Nantes et Varennes sur Loire pour expositions ou visites des oeuvres sculptures, parures et accessoires.\" \/>\n<meta property=\"og:url\" content=\"https:\/\/dorotheebegue.com\/en\/contact\/\" \/>\n<meta property=\"og:site_name\" content=\"Doroth\u00e9e B\u00e9gu\u00e9, Plasticienne\" \/>\n<meta property=\"article:modified_time\" content=\"2024-05-23T16:22:41+00:00\" \/>\n<meta property=\"og:image\" content=\"https:\/\/i0.wp.com\/dorotheebegue.com\/wp-content\/uploads\/2019\/05\/logo-dorotheebegue.png?fit=842%2C595&ssl=1\" \/>\n\t<meta property=\"og:image:width\" content=\"842\" \/>\n\t<meta property=\"og:image:height\" content=\"595\" \/>\n\t<meta property=\"og:image:type\" content=\"image\/png\" \/>\n<meta name=\"twitter:card\" content=\"summary_large_image\" \/>\n<meta name=\"twitter:label1\" content=\"Estimated reading time\" \/>\n\t<meta name=\"twitter:data1\" content=\"1 minute\" \/>\n<!-- \/ Yoast SEO plugin. -->","yoast_head_json":{"title":"Contact - Doroth\u00e9e B\u00e9gu\u00e9, Plasticienne","description":"Contactez Doroth\u00e9e B\u00e9gu\u00e9 plasticienne \u00e0 Nantes et Varennes sur Loire pour expositions ou visites des oeuvres sculptures, parures et accessoires.","robots":{"index":"index","follow":"follow","max-snippet":"max-snippet:-1","max-image-preview":"max-image-preview:large","max-video-preview":"max-video-preview:-1"},"canonical":"https:\/\/dorotheebegue.com\/en\/contact\/","og_locale":"en_GB","og_type":"article","og_title":"Contact - Doroth\u00e9e B\u00e9gu\u00e9, Plasticienne","og_description":"Contactez Doroth\u00e9e B\u00e9gu\u00e9 plasticienne \u00e0 Nantes et Varennes sur Loire pour expositions ou visites des oeuvres sculptures, parures et accessoires.","og_url":"https:\/\/dorotheebegue.com\/en\/contact\/","og_site_name":"Doroth\u00e9e B\u00e9gu\u00e9, Plasticienne","article_modified_time":"2024-05-23T16:22:41+00:00","og_image":[{"width":842,"height":595,"url":"https:\/\/i0.wp.com\/dorotheebegue.com\/wp-content\/uploads\/2019\/05\/logo-dorotheebegue.png?fit=842%2C595&ssl=1","type":"image\/png"}],"twitter_card":"summary_large_image","twitter_misc":{"Estimated reading time":"1 minute"},"schema":{"@context":"https:\/\/schema.org","@graph":[{"@type":"WebPage","@id":"https:\/\/dorotheebegue.com\/contact\/","url":"https:\/\/dorotheebegue.com\/contact\/","name":"Contact - Doroth\u00e9e B\u00e9gu\u00e9, Plasticienne","isPartOf":{"@id":"https:\/\/dorotheebegue.com\/#website"},"datePublished":"2019-01-26T07:50:21+00:00","dateModified":"2024-05-23T16:22:41+00:00","description":"Contactez Doroth\u00e9e B\u00e9gu\u00e9 plasticienne \u00e0 Nantes et Varennes sur Loire pour expositions ou visites des oeuvres sculptures, parures et accessoires.","breadcrumb":{"@id":"https:\/\/dorotheebegue.com\/contact\/#breadcrumb"},"inLanguage":"en-GB","potentialAction":[{"@type":"ReadAction","target":["https:\/\/dorotheebegue.com\/contact\/"]}]},{"@type":"BreadcrumbList","@id":"https:\/\/dorotheebegue.com\/contact\/#breadcrumb","itemListElement":[{"@type":"ListItem","position":1,"name":"Accueil","item":"https:\/\/dorotheebegue.com\/"},{"@type":"ListItem","position":2,"name":"Contact"}]},{"@type":"WebSite","@id":"https:\/\/dorotheebegue.com\/#website","url":"https:\/\/dorotheebegue.com\/","name":"Doroth\u00e9e B\u00e9gu\u00e9, Plasticienne","description":"Plasticienne, sculptures, parures, accessoires","publisher":{"@id":"https:\/\/dorotheebegue.com\/#\/schema\/person\/63d9b3bd3f622353bbf89b7a4de93c0d"},"potentialAction":[{"@type":"SearchAction","target":{"@type":"EntryPoint","urlTemplate":"https:\/\/dorotheebegue.com\/?s={search_term_string}"},"query-input":{"@type":"PropertyValueSpecification","valueRequired":true,"valueName":"search_term_string"}}],"inLanguage":"en-GB"},{"@type":["Person","Organization"],"@id":"https:\/\/dorotheebegue.com\/#\/schema\/person\/63d9b3bd3f622353bbf89b7a4de93c0d","name":"Doroth\u00e9e B\u00e9gu\u00e9","image":{"@type":"ImageObject","inLanguage":"en-GB","@id":"https:\/\/i0.wp.com\/www.dorotheebegue.com\/wp-content\/uploads\/2019\/05\/logo-dorotheebegue.png?fit=842%2C595&ssl=1","url":"https:\/\/i0.wp.com\/www.dorotheebegue.com\/wp-content\/uploads\/2019\/05\/logo-dorotheebegue.png?fit=842%2C595&ssl=1","contentUrl":"https:\/\/i0.wp.com\/www.dorotheebegue.com\/wp-content\/uploads\/2019\/05\/logo-dorotheebegue.png?fit=842%2C595&ssl=1","width":842,"height":595,"caption":"Doroth\u00e9e B\u00e9gu\u00e9"},"logo":{"@id":"https:\/\/i0.wp.com\/www.dorotheebegue.com\/wp-content\/uploads\/2019\/05\/logo-dorotheebegue.png?fit=842%2C595&ssl=1"}}]}},"jetpack_sharing_enabled":true,"_links":{"self":[{"href":"https:\/\/dorotheebegue.com\/en\/wp-json\/wp\/v2\/pages\/117","targetHints":{"allow":["GET"]}}],"collection":[{"href":"https:\/\/dorotheebegue.com\/en\/wp-json\/wp\/v2\/pages"}],"about":[{"href":"https:\/\/dorotheebegue.com\/en\/wp-json\/wp\/v2\/types\/page"}],"author":[{"embeddable":true,"href":"https:\/\/dorotheebegue.com\/en\/wp-json\/wp\/v2\/users\/1"}],"replies":[{"embeddable":true,"href":"https:\/\/dorotheebegue.com\/en\/wp-json\/wp\/v2\/comments?post=117"}],"version-history":[{"count":46,"href":"https:\/\/dorotheebegue.com\/en\/wp-json\/wp\/v2\/pages\/117\/revisions"}],"predecessor-version":[{"id":1745,"href":"https:\/\/dorotheebegue.com\/en\/wp-json\/wp\/v2\/pages\/117\/revisions\/1745"}],"wp:attachment":[{"href":"https:\/\/dorotheebegue.com\/en\/wp-json\/wp\/v2\/media?parent=117"}],"curies":[{"name":"wp","href":"https:\/\/api.w.org\/{rel}","templated":true}]}}